{"id":20,"date":"2021-05-19T12:20:36","date_gmt":"2021-05-19T12:20:36","guid":{"rendered":"http:\/\/shop.mrtl.ch\/homepage\/"},"modified":"2024-05-30T19:00:41","modified_gmt":"2024-05-30T19:00:41","slug":"homepage","status":"publish","type":"page","link":"http:\/\/shop.mrtl.ch\/","title":{"rendered":""},"content":{"rendered":"\n<h1>Anmeldung Motocross Linden<\/h1>\n\n\n\n<p>Die Einschreibung f\u00fcr die Regio-Klassen am Motocross Linden 2024 erfolgt ab sofort via <a href=\"https:\/\/racemanager.io\" target=\"_blank\" rel=\"noopener\">RaceManager<\/a>. Eine Anleitung dazu gibt es <a href=\"http:\/\/shop.mrtl.ch\/wp-content\/uploads\/2024\/05\/Anleitung_Racemanager.pdf\" target=\"_blank\" rel=\"noopener\">hier<\/a>.<\/p>\n<p>Leider werden aktuell noch keine Gutschein-Codes f\u00fcr MRTL Klubmitglieder unterst\u00fctzt. Es m\u00fcssen also alle das Startgeld vorab bezahlen. MRTL Klubmitgliedern wird das Startgeld an oder nach der Veranstaltung zur\u00fcckerstattet &#8211; ihr werdet dazu noch entsprechend informiert.<\/p><p>Danke f\u00fcrs Verst\u00e4ndnis und bis bald am Motocross Linden!<\/p>\n\n\n\n<p style=\"display:none;background-color: #00c9ff;border: 1px solid;padding: 10px;color: black;\"><strong>Aktuelle Startliste Regio-Kategorie<\/strong><br><br>Die online Anmeldefrist f\u00fcr die Regio-Kategorie ist abgelaufen und beide Tage sind aktuell ausgebucht.<br>Die aktuelle Startliste f\u00fcr das MX Linden 2023 findet ihr: <a href=\"http:\/\/shop.mrtl.ch\/?page_id=545\"><strong>[hier]<\/strong><\/a><\/p>\n\n\n\n<p style=\"display:none; background-color: #00c9ff;border: 1px solid;padding: 10px;color: black;\">Alle Startpl\u00e4tze der Kategorie Regio f\u00fcr Samstag und Sonntag sind ausverkauft. Es ist m\u00f6glich sich auf der Warteliste einzutragen &#8211; bestelle dazu die kostenlosen Produkte \u00abWarteliste Samstag\u00bb und\/oder \u00abWarteliste Sonntag\u00bb. <\/p>\n\n\n\n<p style=\"display:none;background-color: #ffb400;border: 1px solid;padding: 10px;color: black;\">Die Anmeldung 2023 \u00f6ffnet voraussichtlich Ende Mai 2023.<\/p>\n\n\n\n<p style=\"display:none;background-color: #ff8800;border: 1px solid;padding: 10px;color: black;\"><strong>R\u00fcckerstattung Startgeld 2022<\/strong><br><br>Dein Startgeld f\u00fcr die Regio-Klasse 2022 wird aufgrund der Absage vollumf\u00e4nglich und auf dem gleichen Weg wie einbezahlt (TWINT oder Kreditkarte) zur\u00fcckerstattet. Du erh\u00e4ltst dazu bis Anfangs Oktober direkt eine Best\u00e4tigung in TWINT oder per Mail. Sollte etwas nicht geklappt haben, melde dich bitte via shop@mrtl.ch bei uns<br><br>Vielen Dank f\u00fcr deine Geduld und bis n\u00e4chstes Jahr!<\/p>\n\n\n\n<p style=\"display:none;\">Willkommen bei der offiziellen Anmeldung der <strong>Regio<\/strong>* Klasse f\u00fcr das MX Linden vom 12.-13. August 2023. F\u00fcge einen oder beide Renntage dem Warenkorb hinzu. Die Startgeb\u00fchr muss anschliessend direkt per TWINT oder Kreditkarte bezahlt werden.<\/p>\n\n\n\n<p style=\"display:none;\"><strong>MRTL Klub-Mitglieder<\/strong> k\u00f6nnen bei Chrigu von Gunten einen pers\u00f6nlichen <strong>Gutscheincode <\/strong>beziehen. Alle Teilnehmer erhalten zudem <strong>Fr. 20.- Rabatt<\/strong> auf den zweiten Tag.<\/p>\n\n\n\n<p style=\"display:none;\" class=\"has-text-align-left\"><strong>Anmeldeschluss ist der 18. Juni 2023<\/strong>. Nach erfolgreichem Abschluss erh\u00e4ltst du innert max. einer Woche die offizielle Anmeldebest\u00e4tigung per E-Mail.<\/p>\n\n\n\n<p style=\"display:none;font-size:10px;\">* F\u00fcr alle anderen Kategorien erfolgt die Anmeldung wie gehabt bei der jeweiligen Rennserie.<\/p>\n\n\n\n<p><\/p>\n\n\n\n\n\n<p><\/p>\n","protected":false},"excerpt":{"rendered":"<p>Anmeldung Motocross Linden Die Einschreibung f\u00fcr die Regio-Klassen am Motocross Linden 2024 erfolgt ab sofort via RaceManager. Eine Anleitung dazu gibt es hier. Leider werden aktuell noch keine Gutschein-Codes f\u00fcr MRTL Klubmitglieder unterst\u00fctzt. Es m\u00fcssen also alle das Startgeld vorab bezahlen. MRTL Klubmitgliedern wird das Startgeld an oder nach der Veranstaltung zur\u00fcckerstattet &#8211; ihr werdet [&hellip;]<\/p>\n","protected":false},"author":1,"featured_media":0,"parent":0,"menu_order":0,"comment_status":"closed","ping_status":"closed","template":"template-fullwidth.php","meta":[],"_links":{"self":[{"href":"http:\/\/shop.mrtl.ch\/index.php?rest_route=\/wp\/v2\/pages\/20"}],"collection":[{"href":"http:\/\/shop.mrtl.ch\/index.php?rest_route=\/wp\/v2\/pages"}],"about":[{"href":"http:\/\/shop.mrtl.ch\/index.php?rest_route=\/wp\/v2\/types\/page"}],"author":[{"embeddable":true,"href":"http:\/\/shop.mrtl.ch\/index.php?rest_route=\/wp\/v2\/users\/1"}],"replies":[{"embeddable":true,"href":"http:\/\/shop.mrtl.ch\/index.php?rest_route=%2Fwp%2Fv2%2Fcomments&post=20"}],"version-history":[{"count":48,"href":"http:\/\/shop.mrtl.ch\/index.php?rest_route=\/wp\/v2\/pages\/20\/revisions"}],"predecessor-version":[{"id":579,"href":"http:\/\/shop.mrtl.ch\/index.php?rest_route=\/wp\/v2\/pages\/20\/revisions\/579"}],"wp:attachment":[{"href":"http:\/\/shop.mrtl.ch\/index.php?rest_route=%2Fwp%2Fv2%2Fmedia&parent=20"}],"curies":[{"name":"wp","href":"https:\/\/api.w.org\/{rel}","templated":true}]}}